{"id":314,"date":"2017-05-08T00:13:53","date_gmt":"2017-05-08T00:13:53","guid":{"rendered":"https:\/\/dentalcoop.at\/?page_id=314"},"modified":"2024-04-10T13:50:46","modified_gmt":"2024-04-10T11:50:46","slug":"fooldal","status":"publish","type":"page","link":"https:\/\/dentalcoop.at\/de\/","title":{"rendered":"Home"},"content":{"rendered":"<div class=\"wpb-content-wrapper\"><p>[vc_row][vc_column width=&#8220;2\/3&#8243;]<div class=\"dt-fancy-separator title-left h3-size\" style=\"width: 100%;\"><div class=\"dt-fancy-title bg-on\" style=\"color: #ffffff;background-color: #008ffe;\"><span class=\"separator-holder separator-left\" style=\"border-color: #008ffe;\"><\/span>DENTALCOOP<span class=\"separator-holder separator-right\" style=\"border-color: #008ffe;\"><\/span><\/div><\/div>[vc_custom_heading text=&#8220;Die Firma DentalCoop wurde 1984 gegr\u00fcndet und unsere Praxis in Szentgotth\u00e1rd war eine der ersten privaten Zahnarztpraxen, die in der Stadt an der \u00f6sterreichischen Grenze eingerichtet wurde. Seitdem sind wir stolz darauf, dass unsere Praxen (Szentgotth\u00e1rd, Sopron, Budapest) immer noch zu den vielseitigsten und zuverl\u00e4ssigsten Zahnarztpraxen bei unseren Patienten geh\u00f6ren.&#8220; font_container=&#8220;tag:h5|font_size:18|text_align:left&#8220; google_fonts=&#8220;font_family:Raleway%3A100%2C200%2C300%2Cregular%2C500%2C600%2C700%2C800%2C900|font_style:400%20regular%3A400%3Anormal&#8220;]<div class=\"dt-fancy-separator title-left h3-size\" style=\"width: 100%;\"><div class=\"dt-fancy-title\"><span class=\"separator-holder separator-left\" style=\"border-color: #008ffe;\"><\/span>WIR HABEN ALLES AN EINEM ORT...<span class=\"separator-holder separator-right\" style=\"border-color: #008ffe;\"><\/span><\/div><\/div>[vc_custom_heading text=&#8220;&#8230;zu den wettbewerbsf\u00e4higsten Preisen, ob es sich um Zahnmedizin f\u00fcr Erwachsene oder Kinder, verschiedene Zahnbehandlungen, Zahnersatz, Oralchirurgie, Implantologie oder Kieferorthop\u00e4die handelt.&#8220; font_container=&#8220;tag:h4|font_size:18|text_align:left&#8220; google_fonts=&#8220;font_family:Raleway%3A100%2C200%2C300%2Cregular%2C500%2C600%2C700%2C800%2C900|font_style:400%20regular%3A400%3Anormal&#8220;]<div class=\"dt-fancy-separator title-left h3-size\" style=\"width: 100%;\"><div class=\"dt-fancy-title\"><span class=\"separator-holder separator-left\" style=\"border-color: #008ffe;\"><\/span>UNSERE ZAHN\u00c4RZTE...<span class=\"separator-holder separator-right\" style=\"border-color: #008ffe;\"><\/span><\/div><\/div>[vc_custom_heading text=&#8220;&#8230;sind auf ein bestimmtes Fachgebiet spezialisiert und sprechen mehrere Sprachen. Wir haben Vertr\u00e4ge mit mehreren privaten Krankenkassen. Kostenloser Kostenvoranschlag und Behandlungsplan.&#8220; font_container=&#8220;tag:h4|font_size:18|text_align:left&#8220; google_fonts=&#8220;font_family:Raleway%3A100%2C200%2C300%2Cregular%2C500%2C600%2C700%2C800%2C900|font_style:400%20regular%3A400%3Anormal&#8220;][vc_custom_heading text=&#8220;Unser Hauptsitz und unser Management befinden sich in Budapest.&#8220; font_container=&#8220;tag:h4|font_size:18|text_align:left&#8220; google_fonts=&#8220;font_family:Raleway%3A100%2C200%2C300%2Cregular%2C500%2C600%2C700%2C800%2C900|font_style:400%20regular%3A400%3Anormal&#8220;]<div class=\"dt-fancy-separator title-left h3-size\" style=\"width: 100%;\"><div class=\"dt-fancy-title\"><span class=\"separator-holder separator-left\" style=\"border-color: #008ffe;\"><\/span>R\u00d6NTGENRAUM...<span class=\"separator-holder separator-right\" style=\"border-color: #008ffe;\"><\/span><\/div><\/div>[vc_custom_heading text=&#8220;Neben dem Wartezimmer verf\u00fcgt unsere Zahnarztpraxis \u00fcber zwei separate Behandlungsr\u00e4ume und einen R\u00f6ntgenraum mit modernsten R\u00f6ntgenger\u00e4ten, die sich f\u00fcr verschiedene zahn\u00e4rztliche R\u00f6ntgenaufnahmen, aber auch f\u00fcr zus\u00e4tzliche Aufnahmen wie Nasen-, Ohren-, Rachen- oder sogar Kiefergelenksprobleme eignen. Die hier angefertigten R\u00f6ntgenbilder k\u00f6nnen auf einem gro\u00dfen Bildschirm in der Praxis betrachtet werden, so dass sich die Patienten selbst ein Bild von den Problembereichen machen k\u00f6nnen. Die R\u00f6ntgenbilder k\u00f6nnen per E-Mail oder auf CD verschickt oder sogar auf das digitale tragbare Ger\u00e4t des Patienten kopiert werden.&#8220; font_container=&#8220;tag:h4|font_size:18|text_align:left&#8220; google_fonts=&#8220;font_family:Raleway%3A100%2C200%2C300%2Cregular%2C500%2C600%2C700%2C800%2C900|font_style:400%20regular%3A400%3Anormal&#8220;]<div class=\" ubtn-ctn-center \"><a class=\"ubtn-link ult-adjust-bottom-margin ubtn-center ubtn-block \" href=\"http:\/\/dentalcoop.knighthosting.eu\/online-bejelentkezes\/\" target=\"_blank\" rel=\"noopener\" ><button type=\"button\" id=\"ubtn-4672\"  class=\"ubtn ult-adjust-bottom-margin ult-responsive ubtn-block ubtn-bottom-bg  none  ubtn-center   tooltip-69f5fd01ba09b ubtn-block\"  data-hover=\"#ffffff\" data-border-color=\"\" data-bg=\"#d1d1d1\" data-hover-bg=\"#e5004c\" data-border-hover=\"\" data-shadow-hover=\"\" data-shadow-click=\"none\" data-shadow=\"\" data-shd-shadow=\"\"  data-ultimate-target='#ubtn-4672'  data-responsive-json-new='{\"font-size\":\"desktop:20px;\",\"line-height\":\"\"}'  style=\"font-family:&#039;Raleway&#039;;font-weight:800;border:none;background: #d1d1d1;color: #008ffe;\"><span class=\"ubtn-hover\" style=\"background-color:#e5004c\"><\/span><span class=\"ubtn-data ubtn-text \" >Vereinbaren Sie online einen Termin!<\/span><\/button><\/a><\/div>[\/vc_column][vc_column width=&#8220;1\/3&#8243;][vc_empty_space height=&#8220;11px&#8220;]<div class=\"dt-fancy-separator title-left h6-size\" style=\"width: 100%;\"><div class=\"dt-fancy-title bg-on\" style=\"color: #ffffff;background-color: #e5004c;\"><span class=\"separator-holder separator-left\" style=\"border-color: #e5004c;\"><\/span>El\u00e9rhet\u0151s\u00e9geink<span class=\"separator-holder separator-right\" style=\"border-color: #e5004c;\"><\/span><\/div><\/div>[vc_empty_space height=&#8220;11px&#8220;][vc_column_text]Adresse:<br \/>\n9970 Szentgotth\u00e1rd,<br \/>\nSz\u00e9ll K\u00e1lm\u00e1n t\u00e9r 20.<br \/>\nTel\/Fax: +36 94 380 088<br \/>\nMobiltelefon: +36 30 950 5757<br \/>\nE-Mail: senden[\/vc_column_text]<div class=\"dt-fancy-separator title-left h6-size\" style=\"width: 100%;\"><div class=\"dt-fancy-title bg-on\" style=\"color: #ffffff;background-color: #e5004c;\"><span class=\"separator-holder separator-left\" style=\"border-color: #e5004c;\"><\/span>Haben Sie eine Frage? Kontaktieren Sie uns...<span class=\"separator-holder separator-right\" style=\"border-color: #e5004c;\"><\/span><\/div><\/div>[vc_empty_space height=&#8220;11px&#8220;]<form class=\"dt-contact-form dt-form\" method=\"post\"><input type=\"hidden\" name=\"widget_id\" value=\"presscore-contact-form-widget--1\" \/><input type=\"hidden\" name=\"send_message\" value=\"\" \/><input type=\"hidden\" name=\"security_token\" value=\"6dc25e216afba0448ef7\"\/><div class=\"form-fields\"><span class=\"form-name\"><label class=\"assistive-text\">Name *<\/label><input type=\"text\" class=\"validate[required]\" placeholder=\"Name *\" name=\"name\" value=\"\" aria-required=\"true\">\n<\/span><span class=\"form-mail\"><label class=\"assistive-text\">E-Mail *<\/label><input type=\"text\" class=\"validate[required,custom[email]]\" placeholder=\"E-Mail *\" name=\"email\" value=\"\" aria-required=\"true\">\n<\/span><span class=\"form-telephone\"><label class=\"assistive-text\">Telefon *<\/label><input type=\"text\" class=\"validate[required,custom[phone]]\" placeholder=\"Telefon *\" name=\"telephone\" value=\"\" aria-required=\"true\">\n<\/span><span class=\"form-country\"><label class=\"assistive-text\">Land *<\/label><input type=\"text\" class=\"validate[required]\" placeholder=\"Land *\" name=\"country\" value=\"\" aria-required=\"true\">\n<\/span><\/div><p><a href=\"#\" class=\"dt-btn dt-btn-m dt-btn-submit\" rel=\"nofollow\"><span>Senden einer Mitteilung<\/span><\/a><input class=\"assistive-text\" type=\"submit\" value=\"absenden\"><\/p><\/form>\n<div class=\"dt-fancy-separator title-left h6-size\" style=\"width: 100%;\"><div class=\"dt-fancy-title bg-on\" style=\"color: #ffffff;background-color: #e5004c;\"><span class=\"separator-holder separator-left\" style=\"border-color: #e5004c;\"><\/span>Melden Sie sich f\u00fcr unseren Newsletter an!<span class=\"separator-holder separator-right\" style=\"border-color: #e5004c;\"><\/span><\/div><\/div><form class=\"dt-contact-form dt-form\" method=\"post\"><input type=\"hidden\" name=\"widget_id\" value=\"presscore-contact-form-widget--1\" \/><input type=\"hidden\" name=\"send_message\" value=\"\" \/><input type=\"hidden\" name=\"security_token\" value=\"6dc25e216afba0448ef7\"\/><div class=\"form-fields\"><span class=\"form-name\"><label class=\"assistive-text\">Name *<\/label><input type=\"text\" class=\"validate[required]\" placeholder=\"Name *\" name=\"name\" value=\"\" aria-required=\"true\">\n<\/span><span class=\"form-mail\"><label class=\"assistive-text\">E-Mail *<\/label><input type=\"text\" class=\"validate[required,custom[email]]\" placeholder=\"E-Mail *\" name=\"email\" value=\"\" aria-required=\"true\">\n<\/span><\/div><p><a href=\"#\" class=\"dt-btn dt-btn-m dt-btn-submit\" rel=\"nofollow\"><span>Abonnieren Sie unseren Newsletter<\/span><\/a><input class=\"assistive-text\" type=\"submit\" value=\"absenden\"><\/p><\/form>\n[\/vc_column][\/vc_row][vc_row css=&#8220;.vc_custom_1493052860432{background-color: #ffffff !important;}&#8220;][vc_column][vc_empty_space][vc_custom_heading text=&#8220;AJ\u00c1NLATUNK&#8220; font_container=&#8220;tag:h2|font_size:60|text_align:left|color:%23e5e5e5|line_height:-100&#8243; google_fonts=&#8220;font_family:Raleway%3A100%2C200%2C300%2Cregular%2C500%2C600%2C700%2C800%2C900|font_style:800%20bold%20regular%3A800%3Anormal&#8220; css=&#8220;.vc_custom_1494364368941{margin-bottom: -2px !important;}&#8220;][\/vc_column][\/vc_row][vc_row type=&#8220;2&#8243; bg_color=&#8220;#e5e5e5&#8243; css=&#8220;.vc_custom_1493051321946{background-color: #dd9933 !important;}&#8220;][vc_column css=&#8220;.vc_custom_1493052939750{background-color: #e5e5e5 !important;}&#8220;][vc_row_inner][vc_column_inner width=&#8220;1\/3&#8243;]<div class=\"dt-fancy-separator h6-size\" style=\"width: 100%;\"><div class=\"dt-fancy-title\" style=\"color: #e51d60;\"><span class=\"separator-holder separator-left\" style=\"border-color: #008ffe;\"><\/span>IMPLANTE<span class=\"separator-holder separator-right\" style=\"border-color: #008ffe;\"><\/span><\/div><\/div>\n<div tabindex=\"0\" id=\"interactive-banner-1-wrap-3773\" class=\"ult-banner-block ult-adjust-bottom-margin ult-bb-box  banner-style31 \"   style=\"\">\n\t<img decoding=\"async\" src=\"https:\/\/dentalcoop.at\/wp-content\/uploads\/2017\/04\/dentalcoop_implants.jpg\" alt=\"null\">\n\t<div class=\"mask opaque-background\" style=\"background:#008ffe;\">\n\t\t<div class=\"bb-back-icon\"><i class=\"Defaults-bullseye\" style=\"color:#ffffff\"><\/i><\/div>\n\t\t<p class=\"\" style=\"font-family:&#039;Raleway&#039;;font-weight:600;color:#ffffff;\">WEITER<\/p>\n\t<\/div><a class=\"bb-link\" href=\"\/szolgaltatasok\/implantatumok-szajsebeszeti-beavatkozasok\/\" ><\/a>\n<\/div>[\/vc_column_inner][vc_column_inner width=&#8220;1\/3&#8243;]<div class=\"dt-fancy-separator h6-size\" style=\"width: 100%;\"><div class=\"dt-fancy-title\" style=\"color: #e51d60;\"><span class=\"separator-holder separator-left\" style=\"border-color: #008ffe;\"><\/span>KIEFERORTHOP\u00c4DIE<span class=\"separator-holder separator-right\" style=\"border-color: #008ffe;\"><\/span><\/div><\/div>\n<div tabindex=\"0\" id=\"interactive-banner-1-wrap-3155\" class=\"ult-banner-block ult-adjust-bottom-margin ult-bb-box  banner-style31 \"   style=\"\">\n\t<img decoding=\"async\" src=\"https:\/\/dentalcoop.at\/wp-content\/uploads\/2017\/04\/fogszabalyozas_dentalcoop_szentgotthard.jpg\" alt=\"null\">\n\t<div class=\"mask opaque-background\" style=\"background:#008ffe;\">\n\t\t<div class=\"bb-back-icon\"><i class=\"Defaults-bullseye\" style=\"color:#ffffff\"><\/i><\/div>\n\t\t<p class=\"\" style=\"font-family:&#039;Raleway&#039;;font-weight:600;color:#ffffff;\">WEITER<\/p>\n\t<\/div><a class=\"bb-link\" href=\"\/szolgaltatasok\/fogszabalyozas\/\" ><\/a>\n<\/div>[\/vc_column_inner][vc_column_inner width=&#8220;1\/3&#8243;]<div class=\"dt-fancy-separator h6-size\" style=\"width: 100%;\"><div class=\"dt-fancy-title\" style=\"color: #e51d60;\"><span class=\"separator-holder separator-left\" style=\"border-color: #008ffe;\"><\/span>Zahnprothetik<span class=\"separator-holder separator-right\" style=\"border-color: #008ffe;\"><\/span><\/div><\/div>\n<div tabindex=\"0\" id=\"interactive-banner-1-wrap-4922\" class=\"ult-banner-block ult-adjust-bottom-margin ult-bb-box  banner-style31 \"   style=\"\">\n\t<img decoding=\"async\" src=\"https:\/\/dentalcoop.at\/wp-content\/uploads\/2017\/04\/fogpotlas_dentalcoop_szentgotthard.jpg\" alt=\"null\">\n\t<div class=\"mask opaque-background\" style=\"background:#008ffe;\">\n\t\t<div class=\"bb-back-icon\"><i class=\"Defaults-bullseye\" style=\"color:#ffffff\"><\/i><\/div>\n\t\t<p class=\"\" style=\"font-family:&#039;Raleway&#039;;font-weight:600;color:#ffffff;\">WEITER<\/p>\n\t<\/div><a class=\"bb-link\" href=\"\/szolgaltatasok\/fogpotlasok\/\" ><\/a>\n<\/div>[\/vc_column_inner][\/vc_row_inner][\/vc_column][\/vc_row][vc_row type=&#8220;2&#8243; bg_color=&#8220;#e5e5e5&#8243;][vc_column width=&#8220;1\/3&#8243;]<div class=\"dt-fancy-separator h6-size\" style=\"width: 100%;\"><div class=\"dt-fancy-title\" style=\"color: #e51d60;\"><span class=\"separator-holder separator-left\" style=\"border-color: #008ffe;\"><\/span>SEDIERUNG IM WACHZUSTAND - SEDIERUNG<span class=\"separator-holder separator-right\" style=\"border-color: #008ffe;\"><\/span><\/div><\/div>\n<div tabindex=\"0\" id=\"interactive-banner-1-wrap-1539\" class=\"ult-banner-block ult-adjust-bottom-margin ult-bb-box  banner-style31 \"   style=\"\">\n\t<img decoding=\"async\" src=\"https:\/\/dentalcoop.at\/wp-content\/uploads\/2017\/04\/eber_altatas_dentalcoop_szentgotthard.jpg\" alt=\"null\">\n\t<div class=\"mask opaque-background\" style=\"background:#008ffe;\">\n\t\t<div class=\"bb-back-icon\"><i class=\"Defaults-bullseye\" style=\"color:#ffffff\"><\/i><\/div>\n\t\t<p class=\"\" style=\"font-family:&#039;Raleway&#039;;font-weight:600;color:#ffffff;\">WEITER<\/p>\n\t<\/div><a class=\"bb-link\" href=\"\/szolgaltatasok\/eber-szedacio\/\" ><\/a>\n<\/div>[\/vc_column][vc_column width=&#8220;1\/3&#8243;]<div class=\"dt-fancy-separator h6-size\" style=\"width: 100%;\"><div class=\"dt-fancy-title\" style=\"color: #e51d60;\"><span class=\"separator-holder separator-left\" style=\"border-color: #008ffe;\"><\/span>EXTRA<span class=\"separator-holder separator-right\" style=\"border-color: #008ffe;\"><\/span><\/div><\/div>\n<div tabindex=\"0\" id=\"interactive-banner-1-wrap-7161\" class=\"ult-banner-block ult-adjust-bottom-margin ult-bb-box  banner-style31 \"   style=\"\">\n\t<img decoding=\"async\" src=\"https:\/\/dentalcoop.at\/wp-content\/uploads\/2017\/04\/fogfeherites_dentalcoop_szentgotthard.jpg\" alt=\"null\">\n\t<div class=\"mask opaque-background\" style=\"background:#008ffe;\">\n\t\t<div class=\"bb-back-icon\"><i class=\"Defaults-bullseye\" style=\"color:#ffffff\"><\/i><\/div>\n\t\t<p class=\"\" style=\"font-family:&#039;Raleway&#039;;font-weight:600;color:#ffffff;\">WEITER<\/p>\n\t<\/div><a class=\"bb-link\" href=\"\/kezelesek\/extra\/\" ><\/a>\n<\/div>[\/vc_column][vc_column width=&#8220;1\/3&#8243;]<div class=\"dt-fancy-separator h6-size\" style=\"width: 100%;\"><div class=\"dt-fancy-title\" style=\"color: #e51d60;\"><span class=\"separator-holder separator-left\" style=\"border-color: #008ffe;\"><\/span>ZIRKONIUMKORONA - CAD\/CAM-TECHNOLOGIE<span class=\"separator-holder separator-right\" style=\"border-color: #008ffe;\"><\/span><\/div><\/div>\n<div tabindex=\"0\" id=\"interactive-banner-1-wrap-4463\" class=\"ult-banner-block ult-adjust-bottom-margin ult-bb-box  banner-style31 \"   style=\"\">\n\t<img decoding=\"async\" src=\"https:\/\/dentalcoop.at\/wp-content\/uploads\/2017\/04\/dentalcoop_sztg_zirkon_zahncad.jpg\" alt=\"null\">\n\t<div class=\"mask opaque-background\" style=\"background:#008ffe;\">\n\t\t<div class=\"bb-back-icon\"><i class=\"Defaults-bullseye\" style=\"color:#ffffff\"><\/i><\/div>\n\t\t<p class=\"\" style=\"font-family:&#039;Raleway&#039;;font-weight:600;color:#ffffff;\">WEITER<\/p>\n\t<\/div><a class=\"bb-link\" href=\"\/zirkon-zahn\/\" ><\/a>\n<\/div>[\/vc_column][\/vc_row]<\/p>\n<\/div>","protected":false},"excerpt":{"rendered":"<p>[vc_row][vc_column width=&#8220;2\/3&#8243;][vc_custom_heading text=&#8220;Die Firma DentalCoop wurde 1984 gegr\u00fcndet und unsere Praxis in Szentgotth\u00e1rd war eine der ersten privaten Zahnarztpraxen, die in der Stadt an der \u00f6sterreichischen Grenze eingerichtet wurde. Seitdem sind wir stolz darauf, dass unsere Praxen (Szentgotth\u00e1rd, Sopron, Budapest) immer noch zu den vielseitigsten und zuverl\u00e4ssigsten Zahnarztpraxen bei unseren Patienten geh\u00f6ren.&#8220; font_container=&#8220;tag:h5|font_size:18|text_align:left&#8220; google_fonts=&#8220;font_family:Raleway%3A100%2C200%2C300%2Cregular%2C500%2C600%2C700%2C800%2C900|font_style:400%20regular%3A400%3Anormal&#8220;][vc_custom_heading text=&#8220;&#8230;zu&hellip;<\/p>\n","protected":false},"author":5,"featured_media":0,"parent":0,"menu_order":0,"comment_status":"closed","ping_status":"closed","template":"","meta":{"_exactmetrics_skip_tracking":false,"_exactmetrics_sitenote_active":false,"_exactmetrics_sitenote_note":"","_exactmetrics_sitenote_category":0,"footnotes":""},"class_list":["post-314","page","type-page","status-publish","hentry","description-off"],"_links":{"self":[{"href":"https:\/\/dentalcoop.at\/de\/wp-json\/wp\/v2\/pages\/314","targetHints":{"allow":["GET"]}}],"collection":[{"href":"https:\/\/dentalcoop.at\/de\/wp-json\/wp\/v2\/pages"}],"about":[{"href":"https:\/\/dentalcoop.at\/de\/wp-json\/wp\/v2\/types\/page"}],"author":[{"embeddable":true,"href":"https:\/\/dentalcoop.at\/de\/wp-json\/wp\/v2\/users\/5"}],"replies":[{"embeddable":true,"href":"https:\/\/dentalcoop.at\/de\/wp-json\/wp\/v2\/comments?post=314"}],"version-history":[{"count":6,"href":"https:\/\/dentalcoop.at\/de\/wp-json\/wp\/v2\/pages\/314\/revisions"}],"predecessor-version":[{"id":970,"href":"https:\/\/dentalcoop.at\/de\/wp-json\/wp\/v2\/pages\/314\/revisions\/970"}],"wp:attachment":[{"href":"https:\/\/dentalcoop.at\/de\/wp-json\/wp\/v2\/media?parent=314"}],"curies":[{"name":"wp","href":"https:\/\/api.w.org\/{rel}","templated":true}]}}