{"id":560,"date":"2017-07-18T17:04:59","date_gmt":"2017-07-18T17:04:59","guid":{"rendered":"https:\/\/dentalcoop.at\/behandlungen\/zahnbehandlungen\/"},"modified":"2017-07-19T14:14:25","modified_gmt":"2017-07-19T14:14:25","slug":"zahnbehandlungen","status":"publish","type":"page","link":"https:\/\/dentalcoop.at\/de\/behandlungen\/zahnbehandlungen\/","title":{"rendered":"Zahnbehandlungen"},"content":{"rendered":"<div class=\"wpb-content-wrapper\"><p>[vc_row][vc_column][vc_separator style=&#8220;double&#8220;][vc_column_text]<\/p>\n<h4>&#8211; Kostenlose erste Beratung und Behandlungsplan mit der Kostenvoranschlag<\/h4>\n<h4>&#8211; Mundhygiene: Zahnsteinentfernung, Polieren<\/h4>\n<h4>&#8211; \u00c4sthetische F\u00fcllungen: Wei\u00dfe F\u00fcllungen<\/h4>\n<h4>&#8211; Wurzelbehandlung,\u00a0Wurzelf\u00fcllungen\u00a0mit Apex Locator<\/h4>\n<h4>&#8211; Zahnaufbau mit dem Glasfaserstift oder Metallstift<\/h4>\n<h4>&#8211; Milchzahnf\u00fcllungen,\u00a0Milchzahnpinseln<\/h4>\n<h4>&#8211; Zahnextraktion<\/h4>\n<h4>&#8211; Prothesereparatur und korrigieren<\/h4>\n<p>[\/vc_column_text][vc_separator style=&#8220;double&#8220;][\/vc_column][vc_column][\/vc_column][\/vc_row]<\/p>\n<\/div>","protected":false},"excerpt":{"rendered":"<p>[vc_row][vc_column][vc_separator style=&#8220;double&#8220;][vc_column_text] &#8211; Kostenlose erste Beratung und Behandlungsplan mit der Kostenvoranschlag &#8211; Mundhygiene: Zahnsteinentfernung, Polieren &#8211; \u00c4sthetische F\u00fcllungen: Wei\u00dfe F\u00fcllungen &#8211; Wurzelbehandlung,\u00a0Wurzelf\u00fcllungen\u00a0mit Apex Locator &#8211; Zahnaufbau mit dem Glasfaserstift oder Metallstift &#8211; Milchzahnf\u00fcllungen,\u00a0Milchzahnpinseln &#8211; Zahnextraktion &#8211; Prothesereparatur und korrigieren [\/vc_column_text][vc_separator style=&#8220;double&#8220;][\/vc_column][vc_column][\/vc_column][\/vc_row]<\/p>\n","protected":false},"author":5,"featured_media":0,"parent":559,"menu_order":1,"comment_status":"closed","ping_status":"closed","template":"","meta":{"_exactmetrics_skip_tracking":false,"_exactmetrics_sitenote_active":false,"_exactmetrics_sitenote_note":"","_exactmetrics_sitenote_category":0,"footnotes":""},"class_list":["post-560","page","type-page","status-publish","hentry","description-off"],"_links":{"self":[{"href":"https:\/\/dentalcoop.at\/de\/wp-json\/wp\/v2\/pages\/560","targetHints":{"allow":["GET"]}}],"collection":[{"href":"https:\/\/dentalcoop.at\/de\/wp-json\/wp\/v2\/pages"}],"about":[{"href":"https:\/\/dentalcoop.at\/de\/wp-json\/wp\/v2\/types\/page"}],"author":[{"embeddable":true,"href":"https:\/\/dentalcoop.at\/de\/wp-json\/wp\/v2\/users\/5"}],"replies":[{"embeddable":true,"href":"https:\/\/dentalcoop.at\/de\/wp-json\/wp\/v2\/comments?post=560"}],"version-history":[{"count":0,"href":"https:\/\/dentalcoop.at\/de\/wp-json\/wp\/v2\/pages\/560\/revisions"}],"up":[{"embeddable":true,"href":"https:\/\/dentalcoop.at\/de\/wp-json\/wp\/v2\/pages\/559"}],"wp:attachment":[{"href":"https:\/\/dentalcoop.at\/de\/wp-json\/wp\/v2\/media?parent=560"}],"curies":[{"name":"wp","href":"https:\/\/api.w.org\/{rel}","templated":true}]}}