{"id":571,"date":"2017-07-19T08:01:43","date_gmt":"2017-07-19T08:01:43","guid":{"rendered":"https:\/\/dentalcoop.at\/behandlungen\/zahnimplantate-zahnersatz\/"},"modified":"2018-07-08T21:55:35","modified_gmt":"2018-07-08T21:55:35","slug":"zahnimplantate-zahnersatz","status":"publish","type":"page","link":"https:\/\/dentalcoop.at\/de\/behandlungen\/zahnimplantate-zahnersatz\/","title":{"rendered":"Zahnimplantate,  Zahnersatz"},"content":{"rendered":"<div class=\"wpb-content-wrapper\"><p>[vc_row][vc_column][vc_separator style=&#8220;double&#8220;][vc_custom_heading text=&#8220;Zahnimplantate&#8220; font_container=&#8220;tag:h3|text_align:left|color:%23da0205&#8243; google_fonts=&#8220;font_family:Raleway%3A100%2C200%2C300%2Cregular%2C500%2C600%2C700%2C800%2C900|font_style:700%20bold%20regular%3A700%3Anormal&#8220;][vc_column_text css_animation=&#8220;bounceInLeft&#8220;]<\/p>\n<h5 style=\"text-align: justify;\">Implantate ersetzen die Zahnwurzel und bilden die Grundlage f\u00fcr Kronen, Br\u00fccken und festsitzenden oder herausnehmbaren Zahnersatz. Implantate werden aus Titan, einem hoch biokompatiblen Material gefertigt; sie sind k\u00f6rper-und gewebefreundlich. Im laufe der Zeit w\u00e4chst das Implantat ein und verbindet sich mit dem Knochen.<\/h5>\n<p>[\/vc_column_text][vc_single_image image=&#8220;499&#8243; img_size=&#8220;full&#8220;][vc_separator style=&#8220;double&#8220;][vc_custom_heading text=&#8220;Knochenaufbau&#8220; font_container=&#8220;tag:h3|text_align:left|color:%23da0205&#8243; google_fonts=&#8220;font_family:Raleway%3A100%2C200%2C300%2Cregular%2C500%2C600%2C700%2C800%2C900|font_style:700%20bold%20regular%3A700%3Anormal&#8220;][vc_column_text css_animation=&#8220;bounceInLeft&#8220;]<\/p>\n<h5 style=\"text-align: justify;\">Eine Weile nach dem Verlust der Z\u00e4hne, f\u00e4ngt das Kieferknochengewebe an zu schwinden und sich zu reformieren. Nach bestimmter Zeit kann der Verlust des Knochengewebes so stark werden, dass nicht mehr genug Knochengewebe zur Einpflanzung von Implantaten zur Verf\u00fcgung steht. Mit Hilfe von verschiedenen Knochentransplantationstechnologien ist es m\u00f6glich Knochengewebe in diese Bereiche zu transplantieren, dadurch den zur\u00fcckgebildeten Knochen zu regenerieren. Es gibt mehrere Knochentransplantationstechnologien, die den problematischen Bereich mit k\u00f6rpereigenem Knochengewebe und\/oder Knochenersatzmaterial aufbauen.In F\u00e4llen von mildem bis mittelm\u00e4ssigem Knochenschwund kann die Knochentransplantation und das Einpflanzen des Implantates oft gleichzeitig gemacht werden. In schweren F\u00e4llen muss die Knochentransplantation vor der Einpflanzung des Implantates erfolgen. Die Implantate k\u00f6nnen nach einer 3 &#8211; 6 monatigen Heilungsphase eingepflanzt werden.<\/h5>\n<p>[\/vc_column_text][vc_separator style=&#8220;double&#8220;][vc_custom_heading text=&#8220;Nebenh\u00f6hllenbodenelevation&#8220; font_container=&#8220;tag:h3|text_align:left|color:%23da0205&#8243; google_fonts=&#8220;font_family:Raleway%3A100%2C200%2C300%2Cregular%2C500%2C600%2C700%2C800%2C900|font_style:700%20bold%20regular%3A700%3Anormal&#8220;][vc_column_text css_animation=&#8220;bounceInLeft&#8220;]<\/p>\n<h5 style=\"text-align: justify;\">Die Sinus maxillaris\u00a0 ist die H\u00f6hle \u00fcber den hinteren Z\u00e4hnen des Oberkiefers. Nach dem Verlust der Z\u00e4hne und dem starken Knochenschwund ist das Knochengewebe oft nicht hoch genug im hinteren Teil des Oberkiefers dazu, Zahnimplantate einsetzen zu k\u00f6nnen.. Dieses Verfahren hebt (engl. Lift) die Kieferh\u00f6hle (genauer deren Schleimhaut) an und setzt Knochenersatzmaterial oder k\u00f6rpereigenen Knochen an den Kieferh\u00f6hlenboden ein. Dieser Eingriff erh\u00f6ht die H\u00f6he des Knochengewebes des Kiefers in starkem Ma\u00dfe, und erm\u00f6glicht dadurch die Einplflanzung der Implantate.<\/h5>\n<p>[\/vc_column_text][vc_separator style=&#8220;double&#8220;][vc_custom_heading text=&#8220;Resectio&#8220; font_container=&#8220;tag:h3|text_align:left|color:%23da0205&#8243; google_fonts=&#8220;font_family:Raleway%3A100%2C200%2C300%2Cregular%2C500%2C600%2C700%2C800%2C900|font_style:700%20bold%20regular%3A700%3Anormal&#8220;][vc_separator style=&#8220;double&#8220;][vc_custom_heading text=&#8220;Die chirurgische Entfernung von Z\u00e4hnen&#8220; font_container=&#8220;tag:h3|text_align:left|color:%23da0205&#8243; google_fonts=&#8220;font_family:Raleway%3A100%2C200%2C300%2Cregular%2C500%2C600%2C700%2C800%2C900|font_style:700%20bold%20regular%3A700%3Anormal&#8220;][vc_separator style=&#8220;double&#8220;][\/vc_column][\/vc_row][vc_row][vc_column]<div class=\" ubtn-ctn-left \"><a class=\"ubtn-link ult-adjust-bottom-margin ubtn-left ubtn-block \" href=\"https:\/\/dentalcoop.at\/de\/online-terminanfrage\/\" ><button type=\"button\" id=\"ubtn-8393\"  class=\"ubtn ult-adjust-bottom-margin ult-responsive ubtn-block ubtn-bottom-bg  none  ubtn-left   tooltip-69ece2d805ba8 ubtn-block\"  data-hover=\"\" data-border-color=\"\" data-bg=\"#2581c7\" data-hover-bg=\"#e5004c\" data-border-hover=\"\" data-shadow-hover=\"\" data-shadow-click=\"none\" data-shadow=\"\" data-shd-shadow=\"\"  data-ultimate-target='#ubtn-8393'  data-responsive-json-new='{\"font-size\":\"desktop:20px;\",\"line-height\":\"\"}'  style=\"font-family:&#039;Raleway&#039;;font-weight:800;border:none;background: #2581c7;color: #ffffff;\"><span class=\"ubtn-hover\" style=\"background-color:#e5004c\"><\/span><span class=\"ubtn-data ubtn-text \" >Termin<\/span><\/button><\/a><\/div>[\/vc_column][\/vc_row]<\/p>\n<\/div>","protected":false},"excerpt":{"rendered":"<p>[vc_row][vc_column][vc_separator style=&#8220;double&#8220;][vc_custom_heading text=&#8220;Zahnimplantate&#8220; font_container=&#8220;tag:h3|text_align:left|color:%23da0205&#8243; google_fonts=&#8220;font_family:Raleway%3A100%2C200%2C300%2Cregular%2C500%2C600%2C700%2C800%2C900|font_style:700%20bold%20regular%3A700%3Anormal&#8220;][vc_column_text css_animation=&#8220;bounceInLeft&#8220;] Implantate ersetzen die Zahnwurzel und bilden die Grundlage f\u00fcr Kronen, Br\u00fccken und festsitzenden oder herausnehmbaren Zahnersatz. Implantate werden aus Titan, einem hoch biokompatiblen Material gefertigt; sie sind k\u00f6rper-und gewebefreundlich. Im laufe der Zeit w\u00e4chst das Implantat ein und verbindet sich mit dem Knochen. [\/vc_column_text][vc_single_image image=&#8220;499&#8243; img_size=&#8220;full&#8220;][vc_separator style=&#8220;double&#8220;][vc_custom_heading text=&#8220;Knochenaufbau&#8220; font_container=&#8220;tag:h3|text_align:left|color:%23da0205&#8243;&hellip;<\/p>\n","protected":false},"author":5,"featured_media":0,"parent":559,"menu_order":2,"comment_status":"closed","ping_status":"closed","template":"","meta":{"_exactmetrics_skip_tracking":false,"_exactmetrics_sitenote_active":false,"_exactmetrics_sitenote_note":"","_exactmetrics_sitenote_category":0,"footnotes":""},"class_list":["post-571","page","type-page","status-publish","hentry","description-off"],"_links":{"self":[{"href":"https:\/\/dentalcoop.at\/de\/wp-json\/wp\/v2\/pages\/571","targetHints":{"allow":["GET"]}}],"collection":[{"href":"https:\/\/dentalcoop.at\/de\/wp-json\/wp\/v2\/pages"}],"about":[{"href":"https:\/\/dentalcoop.at\/de\/wp-json\/wp\/v2\/types\/page"}],"author":[{"embeddable":true,"href":"https:\/\/dentalcoop.at\/de\/wp-json\/wp\/v2\/users\/5"}],"replies":[{"embeddable":true,"href":"https:\/\/dentalcoop.at\/de\/wp-json\/wp\/v2\/comments?post=571"}],"version-history":[{"count":0,"href":"https:\/\/dentalcoop.at\/de\/wp-json\/wp\/v2\/pages\/571\/revisions"}],"up":[{"embeddable":true,"href":"https:\/\/dentalcoop.at\/de\/wp-json\/wp\/v2\/pages\/559"}],"wp:attachment":[{"href":"https:\/\/dentalcoop.at\/de\/wp-json\/wp\/v2\/media?parent=571"}],"curies":[{"name":"wp","href":"https:\/\/api.w.org\/{rel}","templated":true}]}}