{"id":583,"date":"2017-07-19T08:05:00","date_gmt":"2017-07-19T08:05:00","guid":{"rendered":"https:\/\/dentalcoop.at\/behandlungen\/diagnose-und-mundgesundheit\/"},"modified":"2018-07-01T12:23:09","modified_gmt":"2018-07-01T12:23:09","slug":"diagnose-und-mundgesundheit","status":"publish","type":"page","link":"https:\/\/dentalcoop.at\/de\/behandlungen\/diagnose-und-mundgesundheit\/","title":{"rendered":"Diagnose und Mundgesundheit"},"content":{"rendered":"<div class=\"wpb-content-wrapper\"><p>[vc_row][vc_column][vc_separator style=&#8220;double&#8220;][vc_column_text css_animation=&#8220;bounceInLeft&#8220;]<\/p>\n<h4><span style=\"color: #000000;\">&#8211; Kleine R\u00f6ntgenaufnahme<\/span><\/h4>\n<h4><span style=\"color: #000000;\">&#8211; Digitalische Panoramar\u00f6ntgenaufnahme,digitalische Fernr\u00f6ntgen<\/span><\/h4>\n<h4><span style=\"color: #000000;\">\u00a0 \u00a0 \u00a0 &#8211; R\u00f6ntgenaufnahme \u00fcber das Kiefergelenk,<\/span><\/h4>\n<h4><span style=\"color: #000000;\">\u00a0 \u00a0 \u00a0 &#8211; R\u00f6ntgenaufnahme \u00fcber die Kieferh\u00f6le<\/span><\/h4>\n<h4><span style=\"color: #000000;\">&#8211; Plaque-Entfernung,\u00a0Mundhygiene Behandlungen<\/span><\/h4>\n<h4><span style=\"color: #000000;\">&#8211; Fluorierung, Polierung<\/span><\/h4>\n<h4><span style=\"color: #000000;\">&#8211; Pinseln: Mund oder Milchzahn<\/span><\/h4>\n<h4><span style=\"color: #000000;\">&#8211; Mundhygiene Beratung und Produkte empfehlen<\/span><\/h4>\n<p>[\/vc_column_text][vc_separator style=&#8220;double&#8220;][\/vc_column][\/vc_row][vc_row][vc_column]<div class=\" ubtn-ctn-left \"><a class=\"ubtn-link ult-adjust-bottom-margin ubtn-left ubtn-block \" href=\"https:\/\/dentalcoop.at\/de\/online-terminanfrage\/\" ><button type=\"button\" id=\"ubtn-3000\"  class=\"ubtn ult-adjust-bottom-margin ult-responsive ubtn-block ubtn-bottom-bg  none  ubtn-left   tooltip-6a008f171b8a6 ubtn-block\"  data-hover=\"\" data-border-color=\"\" data-bg=\"#2581c7\" data-hover-bg=\"#e5004c\" data-border-hover=\"\" data-shadow-hover=\"\" data-shadow-click=\"none\" data-shadow=\"\" data-shd-shadow=\"\"  data-ultimate-target='#ubtn-3000'  data-responsive-json-new='{\"font-size\":\"desktop:20px;\",\"line-height\":\"\"}'  style=\"font-family:&#039;Raleway&#039;;font-weight:800;border:none;background: #2581c7;color: #ffffff;\"><span class=\"ubtn-hover\" style=\"background-color:#e5004c\"><\/span><span class=\"ubtn-data ubtn-text \" >Termin<\/span><\/button><\/a><\/div>[\/vc_column][\/vc_row]<\/p>\n<\/div>","protected":false},"excerpt":{"rendered":"<p>[vc_row][vc_column][vc_separator style=&#8220;double&#8220;][vc_column_text css_animation=&#8220;bounceInLeft&#8220;] &#8211; Kleine R\u00f6ntgenaufnahme &#8211; Digitalische Panoramar\u00f6ntgenaufnahme,digitalische Fernr\u00f6ntgen \u00a0 \u00a0 \u00a0 &#8211; R\u00f6ntgenaufnahme \u00fcber das Kiefergelenk, \u00a0 \u00a0 \u00a0 &#8211; R\u00f6ntgenaufnahme \u00fcber die Kieferh\u00f6le &#8211; Plaque-Entfernung,\u00a0Mundhygiene Behandlungen &#8211; Fluorierung, Polierung &#8211; Pinseln: Mund oder Milchzahn &#8211; Mundhygiene Beratung und Produkte empfehlen [\/vc_column_text][vc_separator style=&#8220;double&#8220;][\/vc_column][\/vc_row][vc_row][vc_column][\/vc_column][\/vc_row]<\/p>\n","protected":false},"author":5,"featured_media":0,"parent":559,"menu_order":4,"comment_status":"closed","ping_status":"closed","template":"","meta":{"_exactmetrics_skip_tracking":false,"_exactmetrics_sitenote_active":false,"_exactmetrics_sitenote_note":"","_exactmetrics_sitenote_category":0,"footnotes":""},"class_list":["post-583","page","type-page","status-publish","hentry","description-off"],"_links":{"self":[{"href":"https:\/\/dentalcoop.at\/de\/wp-json\/wp\/v2\/pages\/583","targetHints":{"allow":["GET"]}}],"collection":[{"href":"https:\/\/dentalcoop.at\/de\/wp-json\/wp\/v2\/pages"}],"about":[{"href":"https:\/\/dentalcoop.at\/de\/wp-json\/wp\/v2\/types\/page"}],"author":[{"embeddable":true,"href":"https:\/\/dentalcoop.at\/de\/wp-json\/wp\/v2\/users\/5"}],"replies":[{"embeddable":true,"href":"https:\/\/dentalcoop.at\/de\/wp-json\/wp\/v2\/comments?post=583"}],"version-history":[{"count":0,"href":"https:\/\/dentalcoop.at\/de\/wp-json\/wp\/v2\/pages\/583\/revisions"}],"up":[{"embeddable":true,"href":"https:\/\/dentalcoop.at\/de\/wp-json\/wp\/v2\/pages\/559"}],"wp:attachment":[{"href":"https:\/\/dentalcoop.at\/de\/wp-json\/wp\/v2\/media?parent=583"}],"curies":[{"name":"wp","href":"https:\/\/api.w.org\/{rel}","templated":true}]}}