{"id":604,"date":"2017-07-19T08:34:17","date_gmt":"2017-07-19T08:34:17","guid":{"rendered":"https:\/\/dentalcoop.at\/behandlungen\/extra\/"},"modified":"2017-09-27T08:11:49","modified_gmt":"2017-09-27T08:11:49","slug":"extra","status":"publish","type":"page","link":"https:\/\/dentalcoop.at\/de\/behandlungen\/extra\/","title":{"rendered":"Extra"},"content":{"rendered":"<div class=\"wpb-content-wrapper\"><p>[vc_row][vc_column][vc_separator style=&#8220;double&#8220;][vc_custom_heading text=&#8220; Beauty &#8211; Zahn, kosmetische Eingriffe&#8220; font_container=&#8220;tag:h3|text_align:left|color:%23008ffe&#8220; google_fonts=&#8220;font_family:Raleway%3A100%2C200%2C300%2Cregular%2C500%2C600%2C700%2C800%2C900|font_style:700%20bold%20regular%3A700%3Anormal&#8220;][vc_separator style=&#8220;double&#8220;][vc_column_text css_animation=&#8220;bounceInLeft&#8220;]<\/p>\n<h4>&#8211; Ultraschallreinigung: Prothese, Zahnspangegerate<\/h4>\n<h4>&#8211; Zahnaufhellung<\/h4>\n<h4>&#8211;\u00a0Zahnschmuck<\/h4>\n<h4>&#8211; Air Flow\u00a0Reinigung<\/h4>\n<h4>&#8211;\u00a0Behandlung von empfindlichen Z\u00e4hnen<\/h4>\n<p>[\/vc_column_text]<div class=\" ubtn-ctn-left \"><a class=\"ubtn-link ult-adjust-bottom-margin ubtn-left ubtn-block \" href=\"https:\/\/dentalcoop.at\/de\/online-terminanfrage\/\" ><button type=\"button\" id=\"ubtn-4460\"  class=\"ubtn ult-adjust-bottom-margin ult-responsive ubtn-block ubtn-bottom-bg  none  ubtn-left   tooltip-69ece5ba09c45 ubtn-block\"  data-hover=\"\" data-border-color=\"\" data-bg=\"#2581c7\" data-hover-bg=\"#e5004c\" data-border-hover=\"\" data-shadow-hover=\"\" data-shadow-click=\"none\" data-shadow=\"\" data-shd-shadow=\"\"  data-ultimate-target='#ubtn-4460'  data-responsive-json-new='{\"font-size\":\"desktop:20px;\",\"line-height\":\"\"}'  style=\"font-family:&#039;Raleway&#039;;font-weight:800;border:none;background: #2581c7;color: #ffffff;\"><span class=\"ubtn-hover\" style=\"background-color:#e5004c\"><\/span><span class=\"ubtn-data ubtn-text \" >Termin<\/span><\/button><\/a><\/div>[vc_separator style=&#8220;double&#8220;][vc_custom_heading text=&#8220;Ultraschallreiniger&#8220; font_container=&#8220;tag:h3|text_align:left|color:%23da0205&#8243; google_fonts=&#8220;font_family:Raleway%3A100%2C200%2C300%2Cregular%2C500%2C600%2C700%2C800%2C900|font_style:700%20bold%20regular%3A700%3Anormal&#8220;][vc_column_text css_animation=&#8220;bounceInLeft&#8220;]<\/p>\n<h5 style=\"text-align: justify;\">Die Ultraschall-induzierte Vibration l\u00f6st Schmutz,Staub,Fett,Belag und Verf\u00e4rbung von der Oberfl\u00e4che der herausnehmbaren Prothesen und Zahnspangen ab. So k\u00f6nnen wir die Prothese und Zahnspange schonend aber trotzdem \u00e4u\u00dferst gr\u00fcndlich reinigen. Probieren sie diese neue M\u00f6glichkeit aus-Wieder friescher Atem in 10 Minuten!<\/h5>\n<p>[\/vc_column_text][vc_separator style=&#8220;double&#8220;][vc_custom_heading text=&#8220;Parodontale Behandlung: K\u00fcrettage&#8220; font_container=&#8220;tag:h3|text_align:left|color:%23da0205&#8243; google_fonts=&#8220;font_family:Raleway%3A100%2C200%2C300%2Cregular%2C500%2C600%2C700%2C800%2C900|font_style:700%20bold%20regular%3A700%3Anormal&#8220;][vc_column_text css_animation=&#8220;bounceInLeft&#8220;]<\/p>\n<h5 style=\"text-align: justify;\">K\u00fcrettage ist ein chirurgisches Auskratzen einer entz\u00fcndeten Zahnfleischtasche von Eitergewebe mit anschliessender Gl\u00e4ttung der Wurzeloberfl\u00e4che.<br \/>\nDie K\u00fcrettage ist Standardtherapie bei der Parodontalbehandlung und erfolgt unter \u00f6rtlicher Bet\u00e4ubung mit speziell geformten l\u00f6ffelartigen Instrumenten oder mit Ultraschall. Eine h\u00e4ufige Anwendung findet die K\u00fcrettage bei der Parodontitis &#8211; Behandlung einer Zahnbettentz\u00fcndung. Die K\u00fcrettage ist beim Zahnarzt bekannt als kleiner chirurgischer Eingriff, denn dabei s\u00e4ubert der Zahnarzt die Zahnfleischtasche mit verschiedenen Parodontalinstrumenten wie mit K\u00fcrette und Ultraschall. K\u00fcrettage bezeichnet das Ausschaben, bzw. das Auskratzen der Zahnfleischtaschen mit dem scharfen \u201eL\u00f6ffel\u201c der als K\u00fcrette bezeichnet wird (K\u00fcrettieren = ausschaben). Mit scharfen Instrument werden fest anhaftende Ablagerungen und auch erkranktes Gewebe bzw. entz\u00fcndliches Gewebe zwischen Zahnwurzel und Zahnfleisch entfernt. Bei der offenen K\u00fcrretage muss der Zahnarzt, damit er die betroffenen Stellen gut erreichen kann zus\u00e4tzlich Schnitte machen. Die K\u00fcrettage erfolgt meist unter \u00f6rtlicher Bet\u00e4ubung, sodass im Normalfall keine Schmerzen auftreten, das Zahnfleisch kann aber bis zu einer Woche nach der Behandlung von Parodontose noch besonders sensibel sein, denn der Zahnarzt gl\u00e4ttet die in der Tasche liegende Zahnoberfl\u00e4che und befreit sie von Mundbakterien. Die K\u00fcrettage dient der Zahnerhaltung und damit auch dem Erhalt vom Zahnhalteapparat.<\/h5>\n<p>[\/vc_column_text][vc_separator style=&#8220;double&#8220;][vc_custom_heading text=&#8220;Zahnbleiche&#8220; font_container=&#8220;tag:h3|text_align:left|color:%23da0205&#8243; google_fonts=&#8220;font_family:Raleway%3A100%2C200%2C300%2Cregular%2C500%2C600%2C700%2C800%2C900|font_style:700%20bold%20regular%3A700%3Anormal&#8220;][vc_column_text css_animation=&#8220;bounceInLeft&#8220;]<\/p>\n<h4><span style=\"color: #da0205;\">Heutzutage finden Sie die Bleichmittel im Internet, oder in den Drogerien. Aber \u00fcberlegen Sie:<\/span><\/h4>\n<h5>die nicht von Zahn\u00e4rzten empfolene Bleichmittel sind meistens nicht ungef\u00e4hrlich! Es kann zur Sch\u00e4digung des Zahnschmelzes, oder sogar des Zahnfleisches f\u00fchren, wenn Sie die Bleichung selbst zu Hause durchf\u00fchren. Es ist ratsam diese Prozedur dem Zahnarzt zu \u00fcberlassen, denn er kann diesen Durchgang sachgem\u00e4\u00df und schmerzlos durchf\u00fchren.<\/h5>\n<h5 style=\"text-align: justify;\">Es ist auch zu wissen, da\u00df nur das eigene Zahnmaterial weisser wird, alles Andere, also die Farbe der Zahnf\u00fcllung, der Ers\u00e4tze, der Kronen und der Br\u00fccken unver\u00e4ndert bleiben. Bei den wurzelbehandelnen Z\u00e4hnen kann man von innen bleichen. Nach der Bleichenbehandlung sind die Z\u00e4hne meistens, auf Kaltes oder Warmes, empfindlich; dieses Gef\u00fchl verschwindet aber mit der Zeit.<br \/>\nDie wei\u00dfe Farbe der Z\u00e4hnen bleiben 1-2 Jahre unver\u00e4ndert, aber nat\u00fcrlich soll man mit dem Trinken von Kaffee, Tee, Coke, die roten (und blauen) Obstsorten, sowie bei Einnehmen von Medikamenten, usw. vorsichtig umgehen.<\/h5>\n<h5 style=\"text-align: justify;\">Falls Sie sich doch f\u00fcr das Zahnbleichen zu Hause entscheiden, rechnen Sie mit einer 7-t\u00e4gigen Behandlung, 20-30 Minuten t\u00e4glich,<br \/>\nLed-Lampe und eine Schiene \u2013 das Resultat sehen Sie nach einer Woche.<\/h5>\n<h5 style=\"text-align: justify;\"><strong>In der Praxis:<\/strong> schon nach der ersten Behandlung sind die Z\u00e4hne 2 Farbent\u00f6ne weisser; man kann 3-mal wiederholen. Das Resultat sieht man sofort.<\/h5>\n<h5 style=\"text-align: justify;\">Es ist wichtig zu wissen, dass wir nur die eigene nat\u00fcrliche Zahnmaterial bleichen k\u00f6nnen, die Farbe von Kroen und F\u00fcllungen ver\u00e4ndert sich w\u00e4hrend de Bleichung nicht. Deshalb wenn f\u00fcr eine Bleichung Bedarf gibt&#8217;s, sollte es am Anfang der Behandlungen gemacht werden, und nach der Bleichung die farblich abweichende Kronen und F\u00fcllungen zur gebleichte Zahnfarbe anpassen.<\/h5>\n<h5 style=\"text-align: justify;\">Wir empfehlen verschiedene Zahnkreme f\u00fcr die Dauer-Erhaltung der gebleichten Z\u00e4hne.<\/h5>\n<p>[\/vc_column_text][vc_single_image image=&#8220;528&#8243; img_size=&#8220;full&#8220;][vc_column_text css_animation=&#8220;bounceInLeft&#8220;]<\/p>\n<h4><span style=\"color: #da0205;\">Die derzeitige Regelung der Zahnbleichung:<\/span><\/h4>\n<h5 style=\"text-align: justify;\">Die Verwendung von Peroxid in Zahnbleichung in der EU beschr\u00e4nkt ist: Zahnbleichungsmaterialien die nicht mehr als 6% Peroxid haben, sind nicht erlaubt nicht einmal in den Zahnkliniken. Die Vermarktung auch solche Zahnbleichungen sind begrenzt. ld. Zahn\u00e4rzte &#8218;Kammeraufl\u00f6sung.<br \/>\nBei dem Patienten entsteht die Nachfrage nach schneewei\u00dfen Z\u00e4hnen, die oft oft mit einem Gewissenbiss bei den Zahn\u00e4rzten trifft, dass die hohen Peroxidgehaltend den Zahnbleichungsmaterialine Empfindlichkeit verursachen. Das Peroxid freie Bleaching-System bietet eine perfekte L\u00f6sung f\u00fcr diese Probleme.<\/h5>\n<h4><span style=\"color: #bd0808;\">Das Peroxid-freie Bleaching System:<\/span><\/h4>\n<h5>\u2022 effektiv<br \/>\n\u2022 Zahnfleichsschutz ist nicht notwendig,<br \/>\n\u2022 sch\u00e4digen den Zahnschmelz nicht<br \/>\n\u2022 wiederholbar nach 3-6 Monaten<br \/>\n\u2022 komfortable und sichere Anwendung, der Patient f\u00fchlt w\u00e4hrend der Behandlung keinerlei Schmerzen<br \/>\nDie Verwendung von Zahnwei\u00df-Systeme ist \u00e4hnlich, wie die anderen Systeme, Zahnfleich ist aber nicht n\u00f6tig.<br \/>\nDas Peroxid-freie Bleaching System:<br \/>\n\u2022 5 ml Gel Bleichmittel (Natriumperborat)<br \/>\n\u2022 Aktivierungsfl\u00fcssigkeit<br \/>\n\u2022 LED-Beleuchtung erforderlich ist (Licht einen Wellenl\u00e4ngenbereich von 460 nm bis 470 nm, Lichintensit\u04d3t 2,400mW \/ cm2)<br \/>\nVerwendung von 3-15 Minuten<\/h5>\n<p>[\/vc_column_text][vc_separator style=&#8220;double&#8220;][vc_custom_heading text=&#8220;Zahnschm\u00fccke&#8220; font_container=&#8220;tag:h3|text_align:left|color:%23da0205&#8243; google_fonts=&#8220;font_family:Raleway%3A100%2C200%2C300%2Cregular%2C500%2C600%2C700%2C800%2C900|font_style:700%20bold%20regular%3A700%3Anormal&#8220;][vc_column_text css_animation=&#8220;bounceInLeft&#8220;]<\/p>\n<h5>Der Zahnschmuck ist es auch eine kosmetische \u201eEingriff\u201d, Swarovski Zahnschmuck wird mit zweifach bindende Kompositklebstoff am Zahn befestigt.<\/h5>\n<h5>F\u00fcr die Befestigung ist es nur Oberfl\u00e4chebehandlung n\u00f6tig, vom Zahn wird nicht ausgebohrt. Zahnschmuck empfehlen wir nur f\u00fcr harmonische und sch\u00f6ne Zahnreihe, weil es zieht die Augen auf die Z\u00e4hne. Der Austausch von unsch\u00f6ne, schlechte F\u00fcllungen und Kronen ist es vor der Klebung des Zahnschmuckes empfehlenswert.<\/h5>\n<p>[\/vc_column_text][vc_single_image image=&#8220;530&#8243; img_size=&#8220;full&#8220;][vc_separator style=&#8220;double&#8220;][vc_custom_heading text=&#8220;Air Flow Reinigung&#8220; font_container=&#8220;tag:h3|text_align:left|color:%23da0205&#8243; google_fonts=&#8220;font_family:Raleway%3A100%2C200%2C300%2Cregular%2C500%2C600%2C700%2C800%2C900|font_style:700%20bold%20regular%3A700%3Anormal&#8220;][vc_column_text css_animation=&#8220;bounceInLeft&#8220;]<\/p>\n<h5 style=\"text-align: justify;\">Diese Behandlung wird nach der Zahnsteinentfernung empfohlen, und dauert nur wenige Minuten. Dieses Ger\u00e4t wird durch die Mischung von Reinigungsstaub und der zerst\u00e4ubtem Wasser mit ausreichendem Druck in der Regel durch Rauchen oder Kaffee entstandenen Verf\u00e4rbungen auf den Z\u00e4hnen, etc. schmerzfrei entfernen. Dies erm\u00f6glicht funkelnde wei\u00dfere und saubere Z\u00e4hne, die frischer Atem zur\u00fcckl\u00e4sst.<\/h5>\n<p>[\/vc_column_text][vc_separator style=&#8220;double&#8220;][vc_custom_heading text=&#8220;Behandlung von empfindlichen Z\u00e4hnen&#8220; font_container=&#8220;tag:h3|text_align:left|color:%23da0205&#8243; google_fonts=&#8220;font_family:Raleway%3A100%2C200%2C300%2Cregular%2C500%2C600%2C700%2C800%2C900|font_style:700%20bold%20regular%3A700%3Anormal&#8220;][vc_column_text css_animation=&#8220;bounceInLeft&#8220;]<\/p>\n<h5 style=\"text-align: justify;\">Bei einem zur\u00fcckgezogenen Zahnfleisch entsteht zervikale Empfindlichkeit.\u00a0 In diesem Fall kann f\u00fcr K\u00e4lte, W\u00e4rme oder S\u00fc\u00dfe Zahnempfindlichkeit entstehen. Dies wird als zervikale Empfindlichkeit bezeichnet. Bei Erwachsenen kann es oft vorkommen, dass ihre Z\u00e4hne zu kalt, hei\u00df oder s\u00fc\u00dfen Speisen und Getr\u00e4nke empfindlich werden, auch beim Inhalieren der kalten Luft. Jedoch k\u00f6nnen diese Schmerzen nicht dauerhaft, sondern zeitlich begrenzt sein, k\u00f6nnen aber durchaus unangenehm sein. Die Freigabe des Zahnhalses\u00a0 wird\u00a0 oft Zahnhalskaries verursachen, wo man unbedingt eingreifen muss.<\/h5>\n<h5 style=\"text-align: justify;\">Dieser Zustand ist irreversibel, auch wenn es keine Empfindlichkeit mit sich bringt. Die Zahnhalsf\u00fcllung beseitigt die Schmerzen. Wenn jedoch kein Karies Vorhanden ist, dann die\u00a0 Empfindlichkeit der Z\u00e4hne kann durch Polieren einer speziellen Pasta, oder durch Fluorisieren im Griff bekommen werden. Durch Mundpflegebehandlung k\u00f6nnen wir dieses unangenehme Problem zu einem gro\u00dfen Teil reduzieren. Es kann sowohl bei Erwachsenen als auch bei Kindern verwendet werden. F\u00fcr die Kinder kann man die fluorierte B\u00fcrste bestellen,\u00a0 die die Milch und die verbleibenden Z\u00e4hne vor Karies sch\u00fctzt. Die Bakterien in der Plaque Fluoride reduzieren die Produktion von S\u00e4ure, so tr\u00e4gt das auch zu der Anti-Karies Wirkung und f\u00f6rdert die Regeneration von leicht besch\u00e4digtem Gewebe.<\/h5>\n<p>[\/vc_column_text][vc_separator style=&#8220;double&#8220;][\/vc_column][\/vc_row][vc_row][vc_column]<div class=\" ubtn-ctn-left \"><a class=\"ubtn-link ult-adjust-bottom-margin ubtn-left ubtn-block \" href=\"http:\/\/dentalcoop.knighthosting.eu\/online-bejelentkezes\/\" ><button type=\"button\" id=\"ubtn-4916\"  class=\"ubtn ult-adjust-bottom-margin ult-responsive ubtn-block ubtn-bottom-bg  none  ubtn-left   tooltip-69ece5ba09d68 ubtn-block\"  data-hover=\"\" data-border-color=\"\" data-bg=\"#2581c7\" data-hover-bg=\"#e5004c\" data-border-hover=\"\" data-shadow-hover=\"\" data-shadow-click=\"none\" data-shadow=\"\" data-shd-shadow=\"\"  data-ultimate-target='#ubtn-4916'  data-responsive-json-new='{\"font-size\":\"desktop:20px;\",\"line-height\":\"\"}'  style=\"font-family:&#039;Raleway&#039;;font-weight:800;border:none;background: #2581c7;color: #ffffff;\"><span class=\"ubtn-hover\" style=\"background-color:#e5004c\"><\/span><span class=\"ubtn-data ubtn-text \" >Online id\u0151pont k\u00e9r\u00e9s<\/span><\/button><\/a><\/div>[\/vc_column][\/vc_row]<\/p>\n<\/div>","protected":false},"excerpt":{"rendered":"<p>[vc_row][vc_column][vc_separator style=&#8220;double&#8220;][vc_custom_heading text=&#8220; Beauty &#8211; Zahn, kosmetische Eingriffe&#8220; font_container=&#8220;tag:h3|text_align:left|color:%23008ffe&#8220; google_fonts=&#8220;font_family:Raleway%3A100%2C200%2C300%2Cregular%2C500%2C600%2C700%2C800%2C900|font_style:700%20bold%20regular%3A700%3Anormal&#8220;][vc_separator style=&#8220;double&#8220;][vc_column_text css_animation=&#8220;bounceInLeft&#8220;] &#8211; Ultraschallreinigung: Prothese, Zahnspangegerate &#8211; Zahnaufhellung &#8211;\u00a0Zahnschmuck &#8211; Air Flow\u00a0Reinigung &#8211;\u00a0Behandlung von empfindlichen Z\u00e4hnen [\/vc_column_text][vc_separator style=&#8220;double&#8220;][vc_custom_heading text=&#8220;Ultraschallreiniger&#8220; font_container=&#8220;tag:h3|text_align:left|color:%23da0205&#8243; google_fonts=&#8220;font_family:Raleway%3A100%2C200%2C300%2Cregular%2C500%2C600%2C700%2C800%2C900|font_style:700%20bold%20regular%3A700%3Anormal&#8220;][vc_column_text css_animation=&#8220;bounceInLeft&#8220;] Die Ultraschall-induzierte Vibration l\u00f6st Schmutz,Staub,Fett,Belag und Verf\u00e4rbung von der Oberfl\u00e4che der herausnehmbaren Prothesen und Zahnspangen ab. So k\u00f6nnen wir die Prothese und Zahnspange&hellip;<\/p>\n","protected":false},"author":5,"featured_media":0,"parent":559,"menu_order":7,"comment_status":"closed","ping_status":"closed","template":"","meta":{"_exactmetrics_skip_tracking":false,"_exactmetrics_sitenote_active":false,"_exactmetrics_sitenote_note":"","_exactmetrics_sitenote_category":0,"footnotes":""},"class_list":["post-604","page","type-page","status-publish","hentry","description-off"],"_links":{"self":[{"href":"https:\/\/dentalcoop.at\/de\/wp-json\/wp\/v2\/pages\/604","targetHints":{"allow":["GET"]}}],"collection":[{"href":"https:\/\/dentalcoop.at\/de\/wp-json\/wp\/v2\/pages"}],"about":[{"href":"https:\/\/dentalcoop.at\/de\/wp-json\/wp\/v2\/types\/page"}],"author":[{"embeddable":true,"href":"https:\/\/dentalcoop.at\/de\/wp-json\/wp\/v2\/users\/5"}],"replies":[{"embeddable":true,"href":"https:\/\/dentalcoop.at\/de\/wp-json\/wp\/v2\/comments?post=604"}],"version-history":[{"count":0,"href":"https:\/\/dentalcoop.at\/de\/wp-json\/wp\/v2\/pages\/604\/revisions"}],"up":[{"embeddable":true,"href":"https:\/\/dentalcoop.at\/de\/wp-json\/wp\/v2\/pages\/559"}],"wp:attachment":[{"href":"https:\/\/dentalcoop.at\/de\/wp-json\/wp\/v2\/media?parent=604"}],"curies":[{"name":"wp","href":"https:\/\/api.w.org\/{rel}","templated":true}]}}