{"id":618,"date":"2017-07-19T08:47:43","date_gmt":"2017-07-19T08:47:43","guid":{"rendered":"https:\/\/dentalcoop.at\/behandlungen\/garantie\/"},"modified":"2018-07-01T12:13:37","modified_gmt":"2018-07-01T12:13:37","slug":"garantie","status":"publish","type":"page","link":"https:\/\/dentalcoop.at\/de\/behandlungen\/garantie\/","title":{"rendered":"Garantie"},"content":{"rendered":"<div class=\"wpb-content-wrapper\"><p>[vc_row][vc_column][vc_column_text css_animation=&#8220;bounceInLeft&#8220;]<\/p>\n<h4><span style=\"color: #da0205;\">Dentalcoop Zahnarztpraxis gew\u00e4hrt auf die \u00e4rztliche Behandlung und die dazu geh\u00f6rigen zahntechnischen Arbeiten eine schriftliche Qualit\u00e4tsgarantie (Garantiekarte)<\/span><\/h4>\n<h5>Beim fixen Zahnersatz: <span style=\"color: #da0205;\">3 Jahre<\/span><\/h5>\n<h5>Beim ausnehmbare Zahnersatz: <span style=\"color: #da0205;\">2 Jahre<\/span><\/h5>\n<h5>Beim F\u00fcllungen: 1<span style=\"color: #da0205;\">\u00a0Jahre<\/span><\/h5>\n<h5>Beim Implantate: <span style=\"color: #da0205;\">5 Jahre<\/span><\/h5>\n<h5><span style=\"color: #da0205;\">Die Garantiezeit wird k\u00fcrzer oder erlischt in folgenden F\u00e4llen:<\/span><\/h5>\n<ul>\n<li>\n<h5>Bei allgemeinen Erkrankungen, die eine sch\u00e4dliche Auswirkung auf das Parodontium haben, zb. Diabetes, Osteoporose<\/h5>\n<\/li>\n<li>\n<h5>Bei einer vor der Anfertigung des Zahnersatzes bereits vorhandenen bzw. Unbehandelten Kieferdisfunktion<\/h5>\n<\/li>\n<li>\n<h5>Bei besonders schweren Deformierungen durch Zahnreiheanomalie<\/h5>\n<\/li>\n<li>\n<h5>Bei Parodontitis bzw. Zahnfleischentz\u00fcndungen, die sich trotz regelm\u00e4ssiger Behandlung nicht heilen<\/h5>\n<\/li>\n<li>\n<h5>Bei vernachl\u00e4ssiger Mundhygene<\/h5>\n<\/li>\n<li>\n<h5>Wenn der festsitzender wegeb endogener Entz\u00fcndung oder sonstiger Erkrankungen des Parodontiums entfernt werden muss, und die St\u00fctzz\u00e4hne bei der Eingliederung des Ersatzes nachweisbar gesund waren<\/h5>\n<\/li>\n<li>\n<h5>Wenn der Patient allgemeine Krankheiten verschweigt, vowon der Arzt Kenntniss h\u00e4tte haben m\u00fcssen, zb. Epilepsie, Hepatitis, usw.<\/h5>\n<\/li>\n<li>\n<h5>Wenn der Austausch des Zahnersatzes wegen einer groben Ver\u00e4nderung zb. Kieferbruch oder Trauma begr\u00fcndet ist.<\/h5>\n<\/li>\n<li>\n<h5>Wenn der Patient die Vorschriften des Arztes nicht einh\u00e4lt<\/h5>\n<\/li>\n<li>\n<h5>Wenn Wunsch des Patienten ein Probenersatz gemacht wurde, und er vom Arzt dokumentiert wurde(bei Extensiongliedern mit besonderer Aufsetzungsposition, \u00dcberextensionierung)<\/h5>\n<\/li>\n<li>\n<h5>Wenn der Zahnersatz vom Patienten nicht richtig behandelt wird<\/h5>\n<\/li>\n<li>\n<h5>Wenn der Patient an den regelm\u00e4ssigen Kontrolluntersuchungen nicht teilnimmt<\/h5>\n<\/li>\n<li>\n<h5>Wenn der Patient die Vorschriften des Arztes nicht einh\u00e4lt<\/h5>\n<\/li>\n<li>\n<h5>Wenn Wunsch des Patienten ein Probenersatz gemacht wurde, und er vom Arzt dokumentiert wurde(bei Extensiongliedern mit besonderer Aufsetzungsposition, \u00dcberextensionierung)<\/h5>\n<\/li>\n<li>\n<h5>Wenn der Zahnersatz vom Patienten nicht richtig behandelt wird<\/h5>\n<\/li>\n<\/ul>\n<p>[\/vc_column_text][\/vc_column][\/vc_row]<\/p>\n<\/div>","protected":false},"excerpt":{"rendered":"<p>[vc_row][vc_column][vc_column_text css_animation=&#8220;bounceInLeft&#8220;] Dentalcoop Zahnarztpraxis gew\u00e4hrt auf die \u00e4rztliche Behandlung und die dazu geh\u00f6rigen zahntechnischen Arbeiten eine schriftliche Qualit\u00e4tsgarantie (Garantiekarte) Beim fixen Zahnersatz: 3 Jahre Beim ausnehmbare Zahnersatz: 2 Jahre Beim F\u00fcllungen: 1\u00a0Jahre Beim Implantate: 5 Jahre Die Garantiezeit wird k\u00fcrzer oder erlischt in folgenden F\u00e4llen: Bei allgemeinen Erkrankungen, die eine sch\u00e4dliche Auswirkung auf das Parodontium&hellip;<\/p>\n","protected":false},"author":5,"featured_media":0,"parent":559,"menu_order":8,"comment_status":"closed","ping_status":"closed","template":"","meta":{"_exactmetrics_skip_tracking":false,"_exactmetrics_sitenote_active":false,"_exactmetrics_sitenote_note":"","_exactmetrics_sitenote_category":0,"footnotes":""},"class_list":["post-618","page","type-page","status-publish","hentry","description-off"],"_links":{"self":[{"href":"https:\/\/dentalcoop.at\/de\/wp-json\/wp\/v2\/pages\/618","targetHints":{"allow":["GET"]}}],"collection":[{"href":"https:\/\/dentalcoop.at\/de\/wp-json\/wp\/v2\/pages"}],"about":[{"href":"https:\/\/dentalcoop.at\/de\/wp-json\/wp\/v2\/types\/page"}],"author":[{"embeddable":true,"href":"https:\/\/dentalcoop.at\/de\/wp-json\/wp\/v2\/users\/5"}],"replies":[{"embeddable":true,"href":"https:\/\/dentalcoop.at\/de\/wp-json\/wp\/v2\/comments?post=618"}],"version-history":[{"count":0,"href":"https:\/\/dentalcoop.at\/de\/wp-json\/wp\/v2\/pages\/618\/revisions"}],"up":[{"embeddable":true,"href":"https:\/\/dentalcoop.at\/de\/wp-json\/wp\/v2\/pages\/559"}],"wp:attachment":[{"href":"https:\/\/dentalcoop.at\/de\/wp-json\/wp\/v2\/media?parent=618"}],"curies":[{"name":"wp","href":"https:\/\/api.w.org\/{rel}","templated":true}]}}